{"id":9,"date":"2016-01-15T12:01:46","date_gmt":"2016-01-15T12:01:46","guid":{"rendered":"http:\/\/georgydanceyogi.com\/?page_id=9"},"modified":"2016-01-29T15:18:45","modified_gmt":"2016-01-29T15:18:45","slug":"homepage","status":"publish","type":"page","link":"https:\/\/georgydanceyogi.com\/","title":{"rendered":"Homepage"},"content":{"rendered":"<h2 style=\"text-align: left;\"><div class=\"one_half\"><figure id=\"image_7399\" class=\"image_styled alignleft image_fit_mobile\" style=\"width:100%;display:block;float:unset;clear:both;\">\n\t\t<div class=\"image_frame effect-icon\"><div class=\"image_shadow_wrap\">\n\t\t<a class=\"image_size_small image_no_link\" title=\"\" href=\"#\"><img decoding=\"async\" class=\"image-frame\" alt=\"\" src=\"https:\/\/georgydanceyogi.com\/wp-content\/uploads\/2016\/01\/11891220_10207387858155746_7722064692828850324_n-1.jpg\" data-theme-retina-image=\"false\"  data-thumbnail=\"27\" data-thumbnail-class=\"IjI3Ig==\" width=\"160\" height=\"160\" \/><\/a>\n\t\t<\/div><\/div><\/figure><\/div><\/h2>\n<h2 style=\"text-align: left;\"><span style=\"font: Helvetica; color: #454545; font-size-adjust: none; font-stretch: normal;\">Hallo, ich freue mich Euch auf meiner Homepage begr\u00fcssen zu d\u00fcrfen!<\/span><\/h2>\n<h5 style=\"text-align: justify;\"><\/h5>\n<h5 style=\"text-align: justify;\"><span style=\"font: Helvetica; color: #454545; font-size-adjust: none; font-stretch: normal;\"><div class=\"one_half\"><\/span><span style=\"color: #454545;\">Mein Name ist Georg Ochsenbein, ich bin 1970 in Luzern geboren und rund um den Z\u00fcrichsee aufgewachsen. <\/span><span style=\"font: Helvetica; color: #454545; font-size-adjust: none; font-stretch: normal;\"><span style=\"font: Helvetica; color: #454545; font-size-adjust: none; font-stretch: normal;\">Fr\u00fcher begeisterte mich der Ausdauersport ich nahm an Marathons, Ironman und Gigathlons teil. <\/span><span style=\"font: Helvetica; color: #454545; font-size-adjust: none; font-stretch: normal;\">Ich bildete mich st\u00e4ndig weiter\u00a0 in Fitness, Gesundheit, Ern\u00e4hrung und Pers\u00f6nlichkeitsentwicklung. <\/span><span style=\"font: Helvetica; color: #454545; font-size-adjust: none; font-stretch: normal;\">Tanz und Bewegung sind meine Leidenschaften im speziellen Yoga und Nia. <\/span><span style=\"font: Helvetica; color: #454545; font-size-adjust: none; font-stretch: normal;\">Im Jahr 2004 durfte ich\u00a0 Hotyoga kennenlernen, welches mich von Anfang an begeisterte, seit 2008 unterrichte ich Yoga. <\/span><span style=\"font: Helvetica; color: #454545; font-size-adjust: none; font-stretch: normal;\">Musik , Tanz und Bewegung sind meine Leidenschaften, im speziellen Yoga und Nia. <\/span><span style=\"font: Helvetica; color: #454545; font-size-adjust: none; font-stretch: normal;\">Nia bedeutet f\u00fcr mich den K\u00f6rper zu sp\u00fcren und zu akzeptieren so wie er ist und zu bewegen so wie er es gerne hat.<\/span><span style=\"font: Helvetica; color: #454545; font-size-adjust: none; font-stretch: normal;\">Nia ist ein ganzheitliches Bewegungskonzept sowie auch eine Lebensphilosophie und ein Tanz!<\/span><span style=\"font: Helvetica; color: #454545; font-size-adjust: none; font-stretch: normal;\">Nia gibt mir Freude, Kraft, Energie, Liebe und Heilung.<\/span><span style=\"font: Helvetica; color: #454545; font-size-adjust: none; font-stretch: normal;\">Yoga gibt mir die Werkzeuge die ich im Leben brauche um gl\u00fccklich und zufrieden zu sein. <a href=\"http:\/\/georgydanceyogi.com\/?page_id=313\">\u00dcBER MICH<\/a><\/span><\/div><\/span><a href=\"http:\/\/georgydanceyogi.com\/wp-content\/uploads\/2016\/01\/IMG_0249.jpg\" class=\"wp_lightbox\" rel=\"post_9\" rel=\"attachment wp-att-139\">\u00a0<\/a><\/h5>\n<p style=\"text-align: justify;\"><a href=\"http:\/\/georgydanceyogi.com\/wp-content\/uploads\/2016\/01\/logo_yogi.png\" class=\"wp_lightbox\" rel=\"post_9\" rel=\"attachment wp-att-159\"><img decoding=\"async\" class=\"wp-image-159 alignnone\" src=\"http:\/\/georgydanceyogi.com\/wp-content\/uploads\/2016\/01\/logo_yogi-300x197.png\" alt=\"logo_yogi\" width=\"451\" height=\"274\" \/><\/a><\/p>\n","protected":false},"excerpt":{"rendered":"<p>Hallo, ich freue mich Euch auf meiner Homepage begr\u00fcssen zu d\u00fcrfen! \u00a0<\/p>\n","protected":false},"author":2,"featured_media":0,"parent":0,"menu_order":0,"comment_status":"closed","ping_status":"closed","template":"","meta":{"footnotes":""},"class_list":["post-9","page","type-page","status-publish","hentry"],"_links":{"self":[{"href":"https:\/\/georgydanceyogi.com\/index.php?rest_route=\/wp\/v2\/pages\/9","targetHints":{"allow":["GET"]}}],"collection":[{"href":"https:\/\/georgydanceyogi.com\/index.php?rest_route=\/wp\/v2\/pages"}],"about":[{"href":"https:\/\/georgydanceyogi.com\/index.php?rest_route=\/wp\/v2\/types\/page"}],"author":[{"embeddable":true,"href":"https:\/\/georgydanceyogi.com\/index.php?rest_route=\/wp\/v2\/users\/2"}],"replies":[{"embeddable":true,"href":"https:\/\/georgydanceyogi.com\/index.php?rest_route=%2Fwp%2Fv2%2Fcomments&post=9"}],"version-history":[{"count":51,"href":"https:\/\/georgydanceyogi.com\/index.php?rest_route=\/wp\/v2\/pages\/9\/revisions"}],"predecessor-version":[{"id":315,"href":"https:\/\/georgydanceyogi.com\/index.php?rest_route=\/wp\/v2\/pages\/9\/revisions\/315"}],"wp:attachment":[{"href":"https:\/\/georgydanceyogi.com\/index.php?rest_route=%2Fwp%2Fv2%2Fmedia&parent=9"}],"curies":[{"name":"wp","href":"https:\/\/api.w.org\/{rel}","templated":true}]}}