{"id":313,"date":"2016-01-29T15:18:02","date_gmt":"2016-01-29T15:18:02","guid":{"rendered":"http:\/\/georgydanceyogi.com\/?page_id=313"},"modified":"2019-08-22T11:46:57","modified_gmt":"2019-08-22T11:46:57","slug":"ueber-mich","status":"publish","type":"page","link":"https:\/\/georgydanceyogi.com\/?page_id=313","title":{"rendered":"\u00dcber mich"},"content":{"rendered":"<p>Diplome, F\u00e4higkeitsausweise, Kurse, Urkunden:<\/p>\n<ul>\n<li>2003 &#8211; 2005 Diverse Kurse in Kraft, Ausdauer, Orthop\u00e4dische und Kardiovaskul\u00e4re Krankheitsbilder, Streching, Theraband, Stabilit\u00e4t und Verkauf<\/li>\n<li>2004 Fitness Betreuer SAFS<\/li>\n<li>2005 Ern\u00e4hrungstrainer SAFS<\/li>\n<li>2006 Fitnessinstruktor mit eidgen\u00f6ssischen Fachausweis<\/li>\n<li>2007 Ern\u00e4hrungscoach SAFS<\/li>\n<li>2008 Ressourcing Academie diverse Kurse mit Martin Betschart in Kommunikation, Zustands Management, Feuerl\u00e4ufe, Pers\u00f6nlichkeitsentwicklung<\/li>\n<li>2009 Gesundheitsberater Schulung GGB Lahnstein nach Dr Bruker<\/li>\n<li>2010 Astanga\/Vinyasa Yoga Instructor<\/li>\n<li>2010 ANTARA Ausbildung mit Karin Albrecht Star Education (anatomisch korrektes Stabilit\u00e4ts Training)<\/li>\n<li>2011 Nia White Belt<\/li>\n<li>2012 Nia Green Belt<\/li>\n<li>2012 Trance Words Star Education Karin Albrecht<\/li>\n<li>2014 Diplom Yogalehrer SYV<\/li>\n<li>2015 Diplom Yogalehrer SYV\/EYU (Europ\u00e4ische Yoga Union)<\/li>\n<li>2015 M.A.X Ausbildung Star Education<\/li>\n<li>2017 Kurs: 6 Tage Subtile Ausrichtung in der Asana-Praxis, Zahra Boutaleb<\/li>\n<li>2018 Nia White- &amp; Bluebelt Intense, Hamburg, Ann Christiansen<\/li>\n<li>2018 Yoga Philosophie, George Theruvel<\/li>\n<li>2018 Chakra-Meditation &amp; Chakra Yoga, Sushil Bhattachary<\/li>\n<li>2018 Antara Day &#8211; Flow, Karin Albrecht u.a.<\/li>\n<li>2019 Yoga Philosophie 2. Teil George Theruvel Antaradays, Karin Albrecht, Nia White Belt intense, St. Gallen<\/li>\n<\/ul>\n<h6 style=\"text-align: center;\"><a href=\"http:\/\/georgydanceyogi.com\/wp-content\/uploads\/2016\/01\/logo_verband.png\" class=\"wp_lightbox\" rel=\"post_313\" rel=\"attachment wp-att-326\"><img decoding=\"async\" class=\"alignnone size-full wp-image-326\" src=\"http:\/\/georgydanceyogi.com\/wp-content\/uploads\/2016\/01\/logo_verband.png\" alt=\"logo_verband\" width=\"182\" height=\"147\" \/><\/a><br \/>\nMitglied des schweizerischen Yogaverbandes<\/h6>\n<h6 style=\"text-align: center;\">Krankenkassen anerkannt<\/h6>\n","protected":false},"excerpt":{"rendered":"<p>Diplome, F\u00e4higkeitsausweise, Kurse, Urkunden: 2003 &#8211; 2005 Diverse Kurse in Kraft, Ausdauer, Orthop\u00e4dische und Kardiovaskul\u00e4re Krankheitsbilder, Streching, Theraband, Stabilit\u00e4t und Verkauf 2004 Fitness Betreuer SAFS 2005 Ern\u00e4hrungstrainer SAFS 2006 Fitnessinstruktor mit eidgen\u00f6ssischen Fachausweis 2007 Ern\u00e4hrungscoach SAFS 2008 Ressourcing Academie diverse Kurse mit Martin Betschart in Kommunikation, Zustands Management, Feuerl\u00e4ufe, Pers\u00f6nlichkeitsentwicklung 2009 Gesundheitsberater Schulung GGB Lahnstein &#8230;<\/p>\n","protected":false},"author":1,"featured_media":0,"parent":0,"menu_order":0,"comment_status":"closed","ping_status":"closed","template":"","meta":{"footnotes":""},"class_list":["post-313","page","type-page","status-publish","hentry"],"_links":{"self":[{"href":"https:\/\/georgydanceyogi.com\/index.php?rest_route=\/wp\/v2\/pages\/313","targetHints":{"allow":["GET"]}}],"collection":[{"href":"https:\/\/georgydanceyogi.com\/index.php?rest_route=\/wp\/v2\/pages"}],"about":[{"href":"https:\/\/georgydanceyogi.com\/index.php?rest_route=\/wp\/v2\/types\/page"}],"author":[{"embeddable":true,"href":"https:\/\/georgydanceyogi.com\/index.php?rest_route=\/wp\/v2\/users\/1"}],"replies":[{"embeddable":true,"href":"https:\/\/georgydanceyogi.com\/index.php?rest_route=%2Fwp%2Fv2%2Fcomments&post=313"}],"version-history":[{"count":16,"href":"https:\/\/georgydanceyogi.com\/index.php?rest_route=\/wp\/v2\/pages\/313\/revisions"}],"predecessor-version":[{"id":368,"href":"https:\/\/georgydanceyogi.com\/index.php?rest_route=\/wp\/v2\/pages\/313\/revisions\/368"}],"wp:attachment":[{"href":"https:\/\/georgydanceyogi.com\/index.php?rest_route=%2Fwp%2Fv2%2Fmedia&parent=313"}],"curies":[{"name":"wp","href":"https:\/\/api.w.org\/{rel}","templated":true}]}}